{"id":2145,"date":"2024-10-03T16:06:33","date_gmt":"2024-10-03T16:06:33","guid":{"rendered":"https:\/\/carlobrunner.ch\/shop2\/?page_id=2145"},"modified":"2024-10-12T13:55:33","modified_gmt":"2024-10-12T13:55:33","slug":"agb","status":"publish","type":"page","link":"https:\/\/carlobrunner.ch\/shop\/agb\/","title":{"rendered":"AGB"},"content":{"rendered":"\n<div class=\"row\"  id=\"row-1385698538\">\n\n\n\t<div id=\"col-829506750\" class=\"col small-12 large-12\"  >\n\t\t\t\t<div class=\"col-inner\"  >\n\t\t\t\n\t\t\t\n\n<h2>\u00a0<\/h2>\n<h2>AGB &#8211; ALLGEMEINE GESCH\u00c4FTSBEDINGUNGEN<\/h2>\n<p><strong>Geltung AGB<br \/><\/strong>Durch das Abschicken einer Bestellung oder durch das Ausf\u00fchren eines Downloads erkl\u00e4rt sich der Besteller\/die Bestellerin ausdr\u00fccklich mit diesen AGB einverstanden.<\/p>\n<p>Lieferfristangaben sind unverbindlich. Bei Lieferverzug werden Sie per E-Mail informiert.<\/p>\n<p>Carlo Brunner-Shop beh\u00e4lt sich das Recht vor, die AGB zu \u00e4ndern. Massgebend ist jeweils die zum Zeitpunkt der Bestellung geltende Version der AGB, die f\u00fcr diese Bestellung nicht einseitig ge\u00e4ndert werden kann.<\/p>\n<p><strong>Angebot<br \/><\/strong>Die Erbringung aller angebotenen Leistungen beschr\u00e4nkt sich ausschliesslich auf das Gebiet der Schweiz und des F\u00fcrstentums Liechtenstein, Deutschland, \u00d6sterreich und Italien.<\/p>\n<p>Das Angebot gilt, solange es im Online-Shop ersichtlich ist und\/oder der Vorrat reicht. Sonst gilt das Angebot lediglich als MP3-Download. Die im Online-Shop usw. gezeigten Abbildungen dienen der Illustration und sind unverbindlich.<\/p>\n<p><strong>Bestellung<br \/><\/strong>Bei einer Online-Bestellung verlangt der Carlo Brunner-Shop Informationen \u00fcber den Benutzer (Name, Adresse, E-Mail-Adresse etc.). Diese Informationen werden f\u00fcr die Erstellung und Abwicklung der Gesch\u00e4ftsbeziehung zwischen dem Kunden und der Ex Libris AG genutzt. Wenn ein Problem mit der Abwicklung eines Auftrages entsteht, werden diese Angaben genutzt um sich mit dem Kunden in Verbindung zu setzen.<\/p>\n<p>Die Darstellung der Produkte im Online-Shop ist kein rechtlich verbindlicher Antrag, sondern ein unverbindlicher Online-Katalog bzw. eine unverbindliche Aufforderung an den Kunden, das Produkt im Online-Shop zu bestellen.<\/p>\n<p>Eine Bestellung gilt als Angebot an den Online-Shop zum Abschluss eines Vertrages.<\/p>\n<p>Nach \u00dcbermittlung der Bestellung erh\u00e4lt der Kunde automatisch eine Eingangsbest\u00e4tigung, die dokumentiert, dass die Bestellung beim Online-Shop eingegangen ist.<\/p>\n<p>Der Online-Shop ist ohne Nennung von Gr\u00fcnden frei, Bestellungen ganz oder teilweise abzulehnen. In diesem Fall wird der Kunde informiert und allf\u00e4llig bereits geleistete Zahlungen werden zur\u00fcckerstattet. Weitere Anspr\u00fcche sind ausgeschlossen.<\/p>\n<p><strong>Vertragsabschluss<br \/><\/strong>Ein Vertrag kommt erst durch den Versand der bestellten Produkte zustande. Sobald die Bestellung versendet wurde, wird dies dem Kunden per E-Mail mitgeteilt. Nach Versand dieser Mitteilung kann der Kunde die Bestellung nicht mehr \u00e4ndern und ist an diese gebunden.<\/p>\n<p><strong>Registration<br \/><\/strong>Um gewisse Services im Online Shop des Carlo Brunner-Shop zu beziehen, muss sich ein Besucher zuerst registrieren<\/p>\n<p><strong>Lieferung<br \/><\/strong>Wir liefern mit Portokosten in der gesamten Schweiz und ins F\u00fcrstentum Liechtenstein, Deutschland, \u00d6sterreich und Italien.Sollte einer der von Ihnen bestellten Artikel nicht mehr erh\u00e4ltlich sein, ist die Auslieferung nur noch per MP3-Download m\u00f6glich.<\/p>\n<p>Der Carlo Brunner-Shop haftet nicht f\u00fcr nicht mehr erh\u00e4ltliche Produkte oder irrt\u00fcmlich falsche Preisangaben. \u00c4nderungen bleiben vorbehalten. Alle Preise verstehen sich netto in Schweizer Franken (CHF). Terminierte Angebote gelten nur f\u00fcr die angegebene Zeitspanne.<\/p>\n<p>Wir behalten uns vor, Ihre Bestellung nur insoweit auszuf\u00fchren, als am Warenlager tats\u00e4chlich verf\u00fcgbare Ware vorhanden ist. Gewisse \u00e4ltere Produkte sind nur als Download-Version erh\u00e4ltlich. <\/p>\n<p>Bei erneuter Zustellung der Lieferung, bei falscher Adressangabe tr\u00e4gt der Empf\u00e4nger die\/ alle anfallenden Versandkosten.<\/p>\n<p><strong>Digitale Produkte (Downloads von MP-3 Dateien)<\/p>\n<p><\/strong><strong>MP3-Downloads:<\/strong><br \/>Der Download von Musik muss direkt nach dem Kauf erfolgen. Es besteht kein Anspruch erworbene Inhalte erneut herunter laden zu k\u00f6nnen.<\/p>\n<p><strong>Preis- und Sortiments\u00e4nderungen<br \/><\/strong>Preis- und Sortiments\u00e4nderungen sowie technische \u00c4nderungen bleiben vorbehalten. S\u00e4mtliche Angebote sind freibleibend. Irrt\u00fcmliche Angaben und Druckfehler vorbehalten.<\/p>\n<p><strong>Umtausch\/Falschlieferungen<br \/><\/strong>Das R\u00fcckgaberecht gilt nur f\u00fcr Produkte, die nicht ausdr\u00fccklich von einer R\u00fccknahme ausgeschlossen sind. Die R\u00fcckgabefrist betr\u00e4gt 14 Tage.<\/p>\n<p>Umtausch ist aus urheberrechtlichen Gr\u00fcnden f\u00fcr DVD und CD oder digitalen Produkten nicht m\u00f6glich. Ausnahmen bei: Falsch-Lieferungen, Transport-Sch\u00e4den und Herstellfehlern an den gelieferten Produkten. Die Haftung ist jedoch auf Ersatzlieferung begrenzt. Anspr\u00fcche auf R\u00fcckg\u00e4ngigmachung des Vertrages oder Herabsetzung der Verg\u00fctung sind ausgeschlossen, sofern eine Ersatzlieferung in angemessener Frist m\u00f6glich ist. Bei Falsch-Lieferungen und Herstellfehlern muss \u00abder Carlo Brunner-Shop\u00bb umgehend benachrichtigt werden. Die reklamierte Ware muss bei Falschlieferungen mit einem entsprechenden Vermerk innert 14 Tagen (Poststempel) an den Carlo Brunner-Shop zur\u00fcckgesendet werden. Bei Besch\u00e4digung der Artikel auf dem Transportweg ist innerhalb von 48 Stunden zu reklamieren, da sonst der Anspruch auf kostenlosen Ersatz erlischt. Bei nicht erfolgter Retournierung oder falls wir an der beanstandeten Ware keine oder nur durch den K\u00e4ufer verursachte M\u00e4ngel feststellen k\u00f6nnen, tr\u00e4gt der K\u00e4ufer die Kosten der Ersatzlieferung.<\/p>\n<p><strong>M\u00e4ngelr\u00fcgen<br \/><\/strong>K\u00f6nnen innerhalb von 14 Tagen nach Erhalt der Ware schriftlich angebracht werden.<\/p>\n<p><strong>Rechnungsstellung<br \/><\/strong>Pro Sendung erfolgt eine Rechnung. Diese Rechnung wird bei der Auslieferung der Bestellung an die angegebene Email-Adresse versendet. Bei einer Papierrechnung mit Einzahlungsschein wird pro Bestellung keine Rechnungsgeb\u00fchr erhoben. <\/p>\n<p><strong>Zahlungsfrist<br \/><\/strong>Rechnungen sind innert 30 Tagen netto zahlbar. Bei Zahlung mit Kredit- oder Debitkarte erfolgt die Belastung direkt im Shop. <br \/>Bei Zahlung mit Mobile Payment (z.B. TWINT) erfolgt die Belastung unmittelbar bei Bestellung.<\/p>\n<p><strong>Zahlungsverzug<br \/><\/strong>Alle Kunden, die im Online-Konto eine g\u00fcltige E-Mail-Adresse angegeben haben, erhalten eine Zahlungserinnerung per E-Mail. Ab der ersten Mahnung wird wegen dem damit verbundenen erh\u00f6hten manuellen Aufwand eine Mahngeb\u00fchr von CHF 5.00 pro Mahnung verrechnet. Zus\u00e4tzlich beh\u00e4lt sich der Carlo Brunner-Shop das Recht vor, Inkassovorg\u00e4nge und Zahlungsinformationen jeglicher Art an die Firma, die vom Carlo Brunner-Shop mit dem Inkasso beauftragt ist, weiter zu geben. Der Carlo Brunner-Shop beh\u00e4lt sich zudem das Recht vor, die Zahlungsm\u00f6glichkeit \u201egegen Rechnung\u201c gegen\u00fcber einem Kunden nicht oder nicht mehr anzubieten, wenn Umst\u00e4nde bekannt werden, welche die Zahlungsf\u00e4higkeit des Kunden beeintr\u00e4chtigen k\u00f6nnen (z.B. Zahlungsverzug, schlechte Bonit\u00e4t etc.).<\/p>\n<p><strong>Nutzungsrechte (inkl. Downloads)<br \/><\/strong>Alle angebotenen Titel (digital und nicht-digital) sind nur f\u00fcr Ihren privaten, nicht-kommerziellen Gebrauch bestimmt. Jede andere Nutzung stellt einen Verstoss gegen das Urheberrecht dar. Die Anfertigung von Kopien zum Zwecke des Verkaufs, kommerziellen Verleihs, der \u00f6ffentlichen Ausstrahlung oder Weitergabe bzw. \u00dcberlassung an Dritte ist verboten.<\/p>\n<p>Mit dem Erwerb von digitalen Produkten erhalten Kunden das einfache, nicht exklusive, nicht \u00fcbertragbare und nicht unterlizenzierbare Recht den Titel in der jeweils angebotenen Art und Weise zu nutzen. Nach dem ersten erfolgten Download kann ein Titel soweit m\u00f6glich und angeboten nochmals heruntergeladen werden. Ein Anspruch darauf besteht nicht. Carlo Brunner-Shop ist berechtigt die M\u00f6glichkeit zum Download jederzeit vor\u00fcbergehend oder auf Dauer einzuschr\u00e4nken oder ganz einzustellen. Sofern ein wichtiger Grund vorliegt, z.B. begr\u00fcndeter Verdacht auf Rechtsverletzungen, k\u00f6nnen einzelne Downloads aus dem Kundenkonto gel\u00f6scht werden.<\/p>\n<p><strong>Datenschutz<br \/><\/strong>Die f\u00fcr die Gesch\u00e4ftsabwicklung notwendigen Daten werden gespeichert und im Rahmen der Bestellabwicklung bei Bedarf an die mit dem Versand und der Rechnungsstellung beauftragte Unternehmen weitergeleitet. Alle pers\u00f6nlichen Daten werden vertraulich behandelt. Detaillierte Informationen erhalten Sie in der\u00a0Datenschutzerkl\u00e4rung.<\/p>\n<p><strong>Informationen \u00fcber unsere Angebote und Dienstleistungen<\/strong><\/p>\n<p>Wir m\u00f6chten Sie gelegentlich \u00fcber unsere Angebote und Dienstleistungen sowie die unserer Partner informieren und hierf\u00fcr Ihre pers\u00f6nlichen Daten nutzen.<\/p>\n<p><strong>Newsletter<br \/><\/strong>Unseren Newsletter erhalten Sie ausschliesslich nach aktiver Zustimmung und Anmeldung Ihrerseits. <\/p>\n<p><strong>Haftungsausschluss<br \/><\/strong>Der Carlo Brunner-Shop schliesst jegliche Haftung (einschliesslich Fahrl\u00e4ssigkeit) aus, die sich aus dem Zugriff bzw. den verunm\u00f6glichten Zugriff auf den Online Shop oder einzelner seiner Elemente und aus der Benutzung ergeben k\u00f6nnen. Der Zugriff auf den Online Shop und dessen Nutzung werden nicht garantiert. <\/p>\n<p><strong>Copyright<br \/><\/strong>Es ist untersagt, die Webseite zu reproduzieren, (Texte, Grafiken, Layout etc.) kopieren oder zu teilen. Der ganze Inhalt der Webseite (Texte, Grafiken, Layout etc.), alle Rechte sind dem Carlo Brunner-Shop vorbehalten. Die Seite ist durch Copyright, schweizerisches Urheberrecht, Rechte an geistigem Eigentum und allen anderen entsprechenden Rechten gesch\u00fctzt. Marke, Kennzeichen, Logos, Grafiken, Navigationsleisten, Schaltfl\u00e4chensymbole, Bezeichnungen etc., die auf der Webseite angezeigt werden, sind Eigentum des Carlo Brunner-Shop. <\/p>\n<p><strong>Anwendbares Recht, Gerichtsstand<\/strong><\/p>\n<p>Die Rechtsverh\u00e4ltnisse unterstehen schweizerischem Recht. Ausschliesslicher Gerichtsstand f\u00fcr s\u00e4mtliche Streitigkeiten ist Z\u00fcrich.<\/p>\n<p>Version 1.0<br \/>21.08.2024<\/p>\n\n\t\t<\/div>\n\t\t\t\t\n<style>\n#col-829506750 > .col-inner {\n  padding: 36px 75px 34px 98px;\n}\n<\/style>\n\t<\/div>\n\n\t\n\n<\/div>\n\n","protected":false},"excerpt":{"rendered":"","protected":false},"author":1,"featured_media":0,"parent":0,"menu_order":0,"comment_status":"closed","ping_status":"closed","template":"","meta":{"footnotes":""},"class_list":["post-2145","page","type-page","status-publish","hentry"],"_links":{"self":[{"href":"https:\/\/carlobrunner.ch\/shop\/wp-json\/wp\/v2\/pages\/2145","targetHints":{"allow":["GET"]}}],"collection":[{"href":"https:\/\/carlobrunner.ch\/shop\/wp-json\/wp\/v2\/pages"}],"about":[{"href":"https:\/\/carlobrunner.ch\/shop\/wp-json\/wp\/v2\/types\/page"}],"author":[{"embeddable":true,"href":"https:\/\/carlobrunner.ch\/shop\/wp-json\/wp\/v2\/users\/1"}],"replies":[{"embeddable":true,"href":"https:\/\/carlobrunner.ch\/shop\/wp-json\/wp\/v2\/comments?post=2145"}],"version-history":[{"count":4,"href":"https:\/\/carlobrunner.ch\/shop\/wp-json\/wp\/v2\/pages\/2145\/revisions"}],"predecessor-version":[{"id":3158,"href":"https:\/\/carlobrunner.ch\/shop\/wp-json\/wp\/v2\/pages\/2145\/revisions\/3158"}],"wp:attachment":[{"href":"https:\/\/carlobrunner.ch\/shop\/wp-json\/wp\/v2\/media?parent=2145"}],"curies":[{"name":"wp","href":"https:\/\/api.w.org\/{rel}","templated":true}]}}