{"id":1850,"date":"2024-10-01T12:33:16","date_gmt":"2024-10-01T12:33:16","guid":{"rendered":"https:\/\/carlobrunner.ch\/shop2\/?post_type=product&#038;p=1850"},"modified":"2024-11-09T15:26:19","modified_gmt":"2024-11-09T15:26:19","slug":"carlo-sini-buebe-2","status":"publish","type":"product","link":"https:\/\/carlobrunner.ch\/shop\/product\/carlo-sini-buebe-2\/","title":{"rendered":"CARLO &#038; SINI BUEBE \/ 17 Titel Artikelnummer: 4227\/DL (2024)"},"content":{"rendered":"<p><strong>Carlo und \u201esini Buebe\u201c<\/strong><\/p>\n<p>Mein alter Freund Carlo Brunner wird zwar n\u00e4chstes Jahr 70 Jahre alt. Aber dieses Album mit nagelneuen Eigenkompositionen und seine erfolgreichen aktuellen Auftritte beweisen, dass der Grossmeister der Innerschweizer L\u00e4ndlerszene noch l\u00e4ngst nicht zum alten Eisen geh\u00f6rt. Und wenn Carlo jeweils sagt, er sei da mit seinen \u201eBuebe\u201c unterwegs, so meint er damit nichts anderes, als dass er mit grossartigen Mitspielern unterwegs ist, die halt alle j\u00fcnger sind als er. Denn seine 1970 gegr\u00fcndete L\u00e4ndlerkapelle Carlo Brunner hat in den letzten paar Jahren einen eigentlichen Generationenwechsel hinter sich gebracht.<\/p>\n<p>Zu diesem Wechsel zu j\u00fcngeren Musikern habe auch ich beigetragen, als ich\u00a0 nach einem runden Vierteljahrhundert am Klavier und als damals \u00e4ltester Musikant der Kapelle in die musikalische Pension ging. Umso mehr freut mich, wie erfolgreich diese Spitzenformation heute weiterspielt. Mit hohem Genuss und auch mit ein wenig Stolz h\u00f6re ich jeweils zu, wenn Carlo \u201emit sine Buebe\u201c auftritt. Als langj\u00e4hriger Mitspieler kann ich sehr gut beurteilen, was die Musiker da an Hochklassigem abliefern. Und darum kann ich sagen: Hier musiziert eine der besten L\u00e4ndlerkapellen der Schweiz.<\/p>\n<p><strong>Bert Schn\u00fcriger<\/strong><\/p>\n","protected":false},"excerpt":{"rendered":"<p>Carlo und \u201esini Buebe\u201c Mein alter Freund Carlo Brunner wird zwar n\u00e4chstes Jahr 70 Jahre alt. Aber dieses Album mit nagelneuen Eigenkompositionen und seine erfolgreichen aktuellen Auftritte beweisen, dass der Grossmeister der Innerschweizer L\u00e4ndlerszene noch l\u00e4ngst nicht zum alten Eisen geh\u00f6rt. Und wenn Carlo jeweils sagt, er sei da mit seinen \u201eBuebe\u201c unterwegs, so meint [&#8230;]\n","protected":false},"featured_media":1771,"comment_status":"open","ping_status":"closed","template":"","meta":[],"product_brand":[],"product_cat":[211],"product_tag":[],"class_list":{"0":"post-1850","1":"product","2":"type-product","3":"status-publish","4":"has-post-thumbnail","6":"product_cat-carlo-sini-buebe","8":"first","9":"instock","10":"downloadable","11":"virtual","12":"purchasable","13":"product-type-simple"},"_links":{"self":[{"href":"https:\/\/carlobrunner.ch\/shop\/wp-json\/wp\/v2\/product\/1850","targetHints":{"allow":["GET"]}}],"collection":[{"href":"https:\/\/carlobrunner.ch\/shop\/wp-json\/wp\/v2\/product"}],"about":[{"href":"https:\/\/carlobrunner.ch\/shop\/wp-json\/wp\/v2\/types\/product"}],"replies":[{"embeddable":true,"href":"https:\/\/carlobrunner.ch\/shop\/wp-json\/wp\/v2\/comments?post=1850"}],"wp:featuredmedia":[{"embeddable":true,"href":"https:\/\/carlobrunner.ch\/shop\/wp-json\/wp\/v2\/media\/1771"}],"wp:attachment":[{"href":"https:\/\/carlobrunner.ch\/shop\/wp-json\/wp\/v2\/media?parent=1850"}],"wp:term":[{"taxonomy":"product_brand","embeddable":true,"href":"https:\/\/carlobrunner.ch\/shop\/wp-json\/wp\/v2\/product_brand?post=1850"},{"taxonomy":"product_cat","embeddable":true,"href":"https:\/\/carlobrunner.ch\/shop\/wp-json\/wp\/v2\/product_cat?post=1850"},{"taxonomy":"product_tag","embeddable":true,"href":"https:\/\/carlobrunner.ch\/shop\/wp-json\/wp\/v2\/product_tag?post=1850"}],"curies":[{"name":"wp","href":"https:\/\/api.w.org\/{rel}","templated":true}]}}