{"id":1896,"date":"2024-10-02T19:04:33","date_gmt":"2024-10-02T19:04:33","guid":{"rendered":"https:\/\/carlobrunner.ch\/shop2\/?post_type=product&#038;p=1896"},"modified":"2025-01-04T23:40:29","modified_gmt":"2025-01-04T23:40:29","slug":"das-isch-musig-vom-mim-vater-cd-mit-15-titel","status":"publish","type":"product","link":"https:\/\/carlobrunner.ch\/shop\/product\/das-isch-musig-vom-mim-vater-cd-mit-15-titel\/","title":{"rendered":"Das isch Musig vom mim Vater  15 TITEL Artikelnummer: 25303\/DL (1992)"},"content":{"rendered":"<p><strong>Besetzung Kapelle Ernst Brunner<\/strong><br \/>\n-Ernst Brunner, Klarinette, Saxophon<br \/>\n-Carlo Brunner, Klarinette, Saxophon<br \/>\n-Martin Nauer, Akkordeon<br \/>\n-Ueli Mooser, Bass<\/p>\n<p><strong>Besetzung Akkordeon-Duett K\u00e4lin-Gambirasio<\/strong><br \/>\n-Heinz K\u00e4lin, Akkordeon<br \/>\n-Mario Gambirasio, Akkordeon<br \/>\n-K\u00e4thy Gambirasio, Klavier<br \/>\n-Ueli Mooser, Bass<\/p>\n","protected":false},"excerpt":{"rendered":"<p>Besetzung Kapelle Ernst Brunner -Ernst Brunner, Klarinette, Saxophon -Carlo Brunner, Klarinette, Saxophon -Martin Nauer, Akkordeon -Ueli Mooser, Bass Besetzung Akkordeon-Duett K\u00e4lin-Gambirasio -Heinz K\u00e4lin, Akkordeon -Mario Gambirasio, Akkordeon -K\u00e4thy Gambirasio, Klavier -Ueli Mooser, Bass<\/p>\n","protected":false},"featured_media":1897,"comment_status":"open","ping_status":"closed","template":"","meta":[],"product_brand":[],"product_cat":[185],"product_tag":[],"class_list":{"0":"post-1896","1":"product","2":"type-product","3":"status-publish","4":"has-post-thumbnail","6":"product_cat-das-isch-musig-vo-mim-vater-tontraeger-per-post-oder","8":"first","9":"instock","10":"downloadable","11":"virtual","12":"purchasable","13":"product-type-simple"},"_links":{"self":[{"href":"https:\/\/carlobrunner.ch\/shop\/wp-json\/wp\/v2\/product\/1896","targetHints":{"allow":["GET"]}}],"collection":[{"href":"https:\/\/carlobrunner.ch\/shop\/wp-json\/wp\/v2\/product"}],"about":[{"href":"https:\/\/carlobrunner.ch\/shop\/wp-json\/wp\/v2\/types\/product"}],"replies":[{"embeddable":true,"href":"https:\/\/carlobrunner.ch\/shop\/wp-json\/wp\/v2\/comments?post=1896"}],"wp:featuredmedia":[{"embeddable":true,"href":"https:\/\/carlobrunner.ch\/shop\/wp-json\/wp\/v2\/media\/1897"}],"wp:attachment":[{"href":"https:\/\/carlobrunner.ch\/shop\/wp-json\/wp\/v2\/media?parent=1896"}],"wp:term":[{"taxonomy":"product_brand","embeddable":true,"href":"https:\/\/carlobrunner.ch\/shop\/wp-json\/wp\/v2\/product_brand?post=1896"},{"taxonomy":"product_cat","embeddable":true,"href":"https:\/\/carlobrunner.ch\/shop\/wp-json\/wp\/v2\/product_cat?post=1896"},{"taxonomy":"product_tag","embeddable":true,"href":"https:\/\/carlobrunner.ch\/shop\/wp-json\/wp\/v2\/product_tag?post=1896"}],"curies":[{"name":"wp","href":"https:\/\/api.w.org\/{rel}","templated":true}]}}