{"id":2172,"date":"2024-10-03T19:34:46","date_gmt":"2024-10-03T19:34:46","guid":{"rendered":"https:\/\/carlobrunner.ch\/shop2\/?post_type=product&#038;p=2172"},"modified":"2024-10-27T05:38:13","modified_gmt":"2024-10-27T05:38:13","slug":"notenbuch-aller-dinge-sind-traditionell-3-2","status":"publish","type":"product","link":"https:\/\/carlobrunner.ch\/shop\/product\/notenbuch-aller-dinge-sind-traditionell-3-2\/","title":{"rendered":"Notenbuch Aller Dinge sind Traditionell 3 Artikelnummer: 60-55-000\/PH (2021)"},"content":{"rendered":"<p><strong>\u00abAller guten Dinge sind \u2013 traditionell 3\u00bb<\/strong><\/p>\n<p>&nbsp;<\/p>\n<p>Nach den beiden erfolgreichen CD\u2019s <strong><em>Traditionell<\/em><\/strong> 1 &amp; 2 vor 25 Jahren habe ich mich entschlossen, erneut eine weitere CD<\/p>\n<p><strong>\u00abTraditionell 3\u00bb<\/strong> mit Philipp Mettler &amp; Urs L\u00f6tscher zu produzieren.<\/p>\n<p>Auch diese wiederum mit 19 originellen, exklusiven, einfallsreichen, phantasievollen, melodi\u00f6sen, t\u00e4nzigen, urchigen und einfach \u00abgm\u00f6gigen\u00bb Titeln im typisch traditionellen Innerschweizer-Stil.<\/p>\n<p>Ich w\u00fcnsche Euch viel Vergn\u00fcgen beim Anh\u00f6ren und Spielen der Kompositionen aus der CD <strong>\u00abTraditionell 3\u00bb<\/strong><\/p>\n<p>&nbsp;<\/p>\n<p>Euer Carlo Brunner<\/p>\n<p>&nbsp;<\/p>\n","protected":false},"excerpt":{"rendered":"<p>\u00abAller guten Dinge sind \u2013 traditionell 3\u00bb &nbsp; Nach den beiden erfolgreichen CD\u2019s Traditionell 1 &amp; 2 vor 25 Jahren habe ich mich entschlossen, erneut eine weitere CD \u00abTraditionell 3\u00bb mit Philipp Mettler &amp; Urs L\u00f6tscher zu produzieren. Auch diese wiederum mit 19 originellen, exklusiven, einfallsreichen, phantasievollen, melodi\u00f6sen, t\u00e4nzigen, urchigen und einfach \u00abgm\u00f6gigen\u00bb Titeln im [&#8230;]\n","protected":false},"featured_media":591,"comment_status":"open","ping_status":"closed","template":"","meta":[],"product_brand":[],"product_cat":[192],"product_tag":[],"class_list":{"0":"post-2172","1":"product","2":"type-product","3":"status-publish","4":"has-post-thumbnail","6":"product_cat-das-notenbuch-traditionell-3-physisch","8":"first","9":"instock","10":"shipping-taxable","11":"purchasable","12":"product-type-simple"},"_links":{"self":[{"href":"https:\/\/carlobrunner.ch\/shop\/wp-json\/wp\/v2\/product\/2172","targetHints":{"allow":["GET"]}}],"collection":[{"href":"https:\/\/carlobrunner.ch\/shop\/wp-json\/wp\/v2\/product"}],"about":[{"href":"https:\/\/carlobrunner.ch\/shop\/wp-json\/wp\/v2\/types\/product"}],"replies":[{"embeddable":true,"href":"https:\/\/carlobrunner.ch\/shop\/wp-json\/wp\/v2\/comments?post=2172"}],"wp:featuredmedia":[{"embeddable":true,"href":"https:\/\/carlobrunner.ch\/shop\/wp-json\/wp\/v2\/media\/591"}],"wp:attachment":[{"href":"https:\/\/carlobrunner.ch\/shop\/wp-json\/wp\/v2\/media?parent=2172"}],"wp:term":[{"taxonomy":"product_brand","embeddable":true,"href":"https:\/\/carlobrunner.ch\/shop\/wp-json\/wp\/v2\/product_brand?post=2172"},{"taxonomy":"product_cat","embeddable":true,"href":"https:\/\/carlobrunner.ch\/shop\/wp-json\/wp\/v2\/product_cat?post=2172"},{"taxonomy":"product_tag","embeddable":true,"href":"https:\/\/carlobrunner.ch\/shop\/wp-json\/wp\/v2\/product_tag?post=2172"}],"curies":[{"name":"wp","href":"https:\/\/api.w.org\/{rel}","templated":true}]}}