{"id":2178,"date":"2024-10-03T19:43:34","date_gmt":"2024-10-03T19:43:34","guid":{"rendered":"https:\/\/carlobrunner.ch\/shop2\/?post_type=product&#038;p=2178"},"modified":"2024-10-27T05:42:50","modified_gmt":"2024-10-27T05:42:50","slug":"notenbuch-60-jahre-carlo-brunner-2","status":"publish","type":"product","link":"https:\/\/carlobrunner.ch\/shop\/product\/notenbuch-60-jahre-carlo-brunner-2\/","title":{"rendered":"Notenbuch 60 Jahre Carlo Brunner Artikelnummer: 10-55-000\/PH (2018)"},"content":{"rendered":"<p><strong>40 Jahre Carlo Brunner &#8211; Martin Nauer<br \/>\n<\/strong><br \/>\nNeben dem 60. Geburtstag von Carlo Brunner gibt es noch ein weiteres Jubil\u00e4um: Martin Nauer spielt seit 40 Jahren in der Kapelle Carlo Brunner. Das sind 40 Jahre hochstehende Musik, Freundschaft, Kollegialit\u00e4t, gegenseitiger Respekt und viele tolle Erlebnisse. Zusammen k\u00f6nnen sie auf etwa 5000 Auftritte zur\u00fcckblicken.<\/p>\n<p>Carlo war 18j\u00e4hrig, als ihm die Qualit\u00e4ten des drei Jahre \u00e4lteren Akkordeonisten auffielen. Dieser spielte damals vor allem in der Formation vom Einsiedler Martin Beeler. Eine Anfrage von Carlo lehnte er ab, da er sich nicht fest in einer Kapelle engagieren wollte. Carlo behielt aber Martin Nauer weiter im Auge und startete mit 20 Jahren nach Beendigung der Rekrutenschule eine weitere Anfrage. Martin Nauer sagte zu. Carlo Brunner erinnert sich zur\u00fcck an den ersten Auftritt mit ihm, als ob es gestern gewesen w\u00e4re. ,,Wir spielten in Muotathal am Konzert der einheimischen Musikgesellschaft.&#8220; In dieser \u201eUrformation Carlo Brunner&#8220; war Albert St\u00f6ckli am Klavier und Franz Gisler am Bass.<\/p>\n<p>Martin Nauer, wohnhaft in Siebnen, ist ein musikalisches Ph\u00e4nomen, unvergesslich sein verschmitztes Lachen, w\u00e4hrend seine Finger spielend leicht \u00fcber die Tasten des Akkordeons fliegen. Als Sohn des bekannten Hand\u00f6rgeli-Doktor Martin Nauer sen. kannte er nie Noten, spielt alles aus dem Stegreif. Da ist es also gut m\u00f6glich, dass ihm Carlo am Tag vor einem Konzert eine neue Melodie am Telefon abspielt, die Martin Nauer noch nie geh\u00f6rt hat, sie aber 24 Stunden sp\u00e4ter makellos und sauber intoniert. ,, Wir verstehen uns blind, auf ihn ist Verlass in jeder Beziehung, musikalisch und menschlich&#8220;, sagt Carlo \u00fcber seinen langj\u00e4hrigen Musikkollegen.<\/p>\n<p>In den 40 Jahren sind Carlo Brunner und Martin Nauer erfolgreich, haben ein riesiges Fan-Publikum, konzertierten in zahlreichen Radio- und Fernsehsendungen, waren zusammen auf Auslandreisen, \u00fcberall als Botschafter guter und hervorragend interpretierter Schweizer Volksmusik. Dann freuen wir uns also bereits auf das n\u00e4chste Jubil\u00e4um: 50 Jahre Carlo Brunner und Martin Nauer.<\/p>\n","protected":false},"excerpt":{"rendered":"<p>40 Jahre Carlo Brunner &#8211; Martin Nauer Neben dem 60. Geburtstag von Carlo Brunner gibt es noch ein weiteres Jubil\u00e4um: Martin Nauer spielt seit 40 Jahren in der Kapelle Carlo Brunner. Das sind 40 Jahre hochstehende Musik, Freundschaft, Kollegialit\u00e4t, gegenseitiger Respekt und viele tolle Erlebnisse. Zusammen k\u00f6nnen sie auf etwa 5000 Auftritte zur\u00fcckblicken. Carlo war [&#8230;]\n","protected":false},"featured_media":723,"comment_status":"open","ping_status":"closed","template":"","meta":[],"product_brand":[],"product_cat":[260],"product_tag":[],"class_list":{"0":"post-2178","1":"product","2":"type-product","3":"status-publish","4":"has-post-thumbnail","6":"product_cat-das-notenbuch-60-jahre-carlo-brunner-physisch","8":"first","9":"instock","10":"shipping-taxable","11":"purchasable","12":"product-type-simple"},"_links":{"self":[{"href":"https:\/\/carlobrunner.ch\/shop\/wp-json\/wp\/v2\/product\/2178","targetHints":{"allow":["GET"]}}],"collection":[{"href":"https:\/\/carlobrunner.ch\/shop\/wp-json\/wp\/v2\/product"}],"about":[{"href":"https:\/\/carlobrunner.ch\/shop\/wp-json\/wp\/v2\/types\/product"}],"replies":[{"embeddable":true,"href":"https:\/\/carlobrunner.ch\/shop\/wp-json\/wp\/v2\/comments?post=2178"}],"wp:featuredmedia":[{"embeddable":true,"href":"https:\/\/carlobrunner.ch\/shop\/wp-json\/wp\/v2\/media\/723"}],"wp:attachment":[{"href":"https:\/\/carlobrunner.ch\/shop\/wp-json\/wp\/v2\/media?parent=2178"}],"wp:term":[{"taxonomy":"product_brand","embeddable":true,"href":"https:\/\/carlobrunner.ch\/shop\/wp-json\/wp\/v2\/product_brand?post=2178"},{"taxonomy":"product_cat","embeddable":true,"href":"https:\/\/carlobrunner.ch\/shop\/wp-json\/wp\/v2\/product_cat?post=2178"},{"taxonomy":"product_tag","embeddable":true,"href":"https:\/\/carlobrunner.ch\/shop\/wp-json\/wp\/v2\/product_tag?post=2178"}],"curies":[{"name":"wp","href":"https:\/\/api.w.org\/{rel}","templated":true}]}}