{"id":2295,"date":"2024-10-04T08:07:14","date_gmt":"2024-10-04T08:07:14","guid":{"rendered":"https:\/\/carlobrunner.ch\/shop2\/?post_type=product&#038;p=2295"},"modified":"2024-10-27T05:43:37","modified_gmt":"2024-10-27T05:43:37","slug":"notenbuch-carlo-brunner-musig-band1-2","status":"publish","type":"product","link":"https:\/\/carlobrunner.ch\/shop\/product\/notenbuch-carlo-brunner-musig-band1-2\/","title":{"rendered":"Notenbuch Carlo Brunner Musig Band1 Artikelnummer: 61-55-000\/PH (2023)"},"content":{"rendered":"<p><strong>Carlo Brunner Musig Band 1 <\/strong><\/p>\n<p>Ich freue mich, Ihnen mit diesem Album einen Querschnitt<\/p>\n<p>von meinen Kompositionen pr\u00e4sentieren zu k\u00f6nnen und w\u00fcnsche<\/p>\n<p>Spielen viel Freude!<\/p>\n<p>Euer Carlo Brunner<\/p>\n","protected":false},"excerpt":{"rendered":"<p><strong>Carlo Brunner Musig Band 1 <\/strong><\/p>\n<p>Ich freue mich, Ihnen mit diesem Album einen Querschnitt<\/p>\n<p>von meinen Kompositionen pr\u00e4sentieren zu k\u00f6nnen und w\u00fcnsche<\/p>\n<p>Spielen viel Freude!<\/p>\n<p>Euer Carlo Brunner<\/p>\n","protected":false},"featured_media":755,"comment_status":"open","ping_status":"closed","template":"","meta":[],"product_brand":[],"product_cat":[212],"product_tag":[],"class_list":{"0":"post-2295","1":"product","2":"type-product","3":"status-publish","4":"has-post-thumbnail","6":"product_cat-das-notenbuch-carlo-brunner-musig-band-1-physisch","8":"first","9":"instock","10":"shipping-taxable","11":"purchasable","12":"product-type-simple"},"_links":{"self":[{"href":"https:\/\/carlobrunner.ch\/shop\/wp-json\/wp\/v2\/product\/2295","targetHints":{"allow":["GET"]}}],"collection":[{"href":"https:\/\/carlobrunner.ch\/shop\/wp-json\/wp\/v2\/product"}],"about":[{"href":"https:\/\/carlobrunner.ch\/shop\/wp-json\/wp\/v2\/types\/product"}],"replies":[{"embeddable":true,"href":"https:\/\/carlobrunner.ch\/shop\/wp-json\/wp\/v2\/comments?post=2295"}],"wp:featuredmedia":[{"embeddable":true,"href":"https:\/\/carlobrunner.ch\/shop\/wp-json\/wp\/v2\/media\/755"}],"wp:attachment":[{"href":"https:\/\/carlobrunner.ch\/shop\/wp-json\/wp\/v2\/media?parent=2295"}],"wp:term":[{"taxonomy":"product_brand","embeddable":true,"href":"https:\/\/carlobrunner.ch\/shop\/wp-json\/wp\/v2\/product_brand?post=2295"},{"taxonomy":"product_cat","embeddable":true,"href":"https:\/\/carlobrunner.ch\/shop\/wp-json\/wp\/v2\/product_cat?post=2295"},{"taxonomy":"product_tag","embeddable":true,"href":"https:\/\/carlobrunner.ch\/shop\/wp-json\/wp\/v2\/product_tag?post=2295"}],"curies":[{"name":"wp","href":"https:\/\/api.w.org\/{rel}","templated":true}]}}