{"id":2497,"date":"2024-10-06T14:50:19","date_gmt":"2024-10-06T14:50:19","guid":{"rendered":"https:\/\/carlobrunner.ch\/shop2\/?post_type=product&#038;p=2497"},"modified":"2026-03-10T11:03:51","modified_gmt":"2026-03-10T11:03:51","slug":"traditionell-3-17-titel-2","status":"publish","type":"product","link":"https:\/\/carlobrunner.ch\/shop\/product\/traditionell-3-17-titel-2\/","title":{"rendered":"TRADITIONELL 3 17 TITEL Artikelnummer: 4227\/DL (2021)"},"content":{"rendered":"<p>Liebe Freunde der Kapelle Carlo Brunner,<\/p>\n<p>gesch\u00e4tzte Fans der konzertanten Innerschweizer L\u00e4ndlermusik,<\/p>\n<p>h\u00e4tte man uns beide (Philipp Mettler &amp; Urs L\u00f6tscher) damaligen Teenager vor rund 25 Jahren gefragt, welche CD\u2019s in unserer pers\u00f6nlichen Hitparade wohl an oberster Stelle stehen und die am meistgespielten in unseren Musikanlagen seien, h\u00e4tten wir ohne grosses Z\u00f6gern geantwortet: Die beiden Tontr\u00e4ger der \u00e4usserst erfolgreichen Serie \u00abtraditionell 1 &amp; 2\u00bb der L\u00e4ndlerkapelle Carlo Brunner. Ohne Zweifel haben diese zwei Alben unsere riesengrosse Faszination f\u00fcr diese Formation, f\u00fcr die Kompositionen und Interpretationen jener wundersch\u00f6nen Musik definitiv erweckt und uns darin best\u00e4rkt, diesen musikalischen Weg auch einschlagen und weiter verfolgen zu wollen.<\/p>\n<p>Heute, ein Vierteljahrhundert sp\u00e4ter, d\u00fcrfen wir zwei einerseits seit einigen Jahr(zehnt)en mit unserem grossen Vorbild und Freund Carlo Brunner \u00abunsere\u00bb Musik machen und andererseits im Hintergrund als Produzententeam erstmals einen Tontr\u00e4ger dieses grossartigen Musikers und seiner Formation von A-Z realisieren. Diese Aufgabe sind wir mit grossem Respekt angegangen und erlebten von Anfang bis Ende einen sehr kreativen und erf\u00fcllenden Entstehungsprozess.<\/p>\n<p>In Erinnerung und Anlehnung an diese uns sehr inspirierende, pr\u00e4gende und wegweisende \u00c4ra der \u00abTraditionell- Alben\u00bb anfangs der Neunzigerjahre, haben wir beschlossen und uns erlaubt, die damals begonnene Serie fortzusetzen.<\/p>\n<p>Ganz nach dem Motto \u00abAller guten Dinge sind \u2013 traditionell 3\u00bb ver\u00f6ffentlichen wir einen musikalischen Zeitzeugen der aktuellen Formation mit Carlo Brunner, Philipp Mettler, Sch\u00f6ff R\u00f6\u00f6sli und Urs L\u00f6tscher. Auch dieser wiederum mit 19 originellen, exklusiven, einfallsreichen, phantasievollen, melodi\u00f6sen, t\u00e4nzigen, urchigen und einfach \u00abgm\u00f6gigen\u00bb Titeln im typisch traditionellen Innerschweizer -Stil.<\/p>\n<p>Wir freuen uns sehr und es ist uns eine grosse Ehre, Ihnen nun diesen brandneuen, mit viel Spielfreude und Herzblut eingespielten, abwechslungsreichen Tontr\u00e4ger pr\u00e4sentieren zu d\u00fcrfen und w\u00fcnschen Ihnen viel Vergn\u00fcgen mit \u00abtraditionell 3 \u00ab der Kapelle Carlo Brunner!<\/p>\n<p>Die CHmusix-Produzenten und Mitmusiker,<\/p>\n<p>Philipp Mettler und Urs L\u00f6tscher<\/p>\n","protected":false},"excerpt":{"rendered":"<p>Liebe Freunde der Kapelle Carlo Brunner, gesch\u00e4tzte Fans der konzertanten Innerschweizer L\u00e4ndlermusik, h\u00e4tte man uns beide (Philipp Mettler &amp; Urs L\u00f6tscher) damaligen Teenager vor rund 25 Jahren gefragt, welche CD\u2019s in unserer pers\u00f6nlichen Hitparade wohl an oberster Stelle stehen und die am meistgespielten in unseren Musikanlagen seien, h\u00e4tten wir ohne grosses Z\u00f6gern geantwortet: Die beiden [&#8230;]\n","protected":false},"featured_media":1156,"comment_status":"open","ping_status":"closed","template":"","meta":[],"product_brand":[],"product_cat":[177],"product_tag":[],"class_list":{"0":"post-2497","1":"product","2":"type-product","3":"status-publish","4":"has-post-thumbnail","6":"product_cat-traditionell-3-alle-tontraeger-per-download","8":"first","9":"instock","10":"downloadable","11":"virtual","12":"purchasable","13":"product-type-simple"},"_links":{"self":[{"href":"https:\/\/carlobrunner.ch\/shop\/wp-json\/wp\/v2\/product\/2497","targetHints":{"allow":["GET"]}}],"collection":[{"href":"https:\/\/carlobrunner.ch\/shop\/wp-json\/wp\/v2\/product"}],"about":[{"href":"https:\/\/carlobrunner.ch\/shop\/wp-json\/wp\/v2\/types\/product"}],"replies":[{"embeddable":true,"href":"https:\/\/carlobrunner.ch\/shop\/wp-json\/wp\/v2\/comments?post=2497"}],"wp:featuredmedia":[{"embeddable":true,"href":"https:\/\/carlobrunner.ch\/shop\/wp-json\/wp\/v2\/media\/1156"}],"wp:attachment":[{"href":"https:\/\/carlobrunner.ch\/shop\/wp-json\/wp\/v2\/media?parent=2497"}],"wp:term":[{"taxonomy":"product_brand","embeddable":true,"href":"https:\/\/carlobrunner.ch\/shop\/wp-json\/wp\/v2\/product_brand?post=2497"},{"taxonomy":"product_cat","embeddable":true,"href":"https:\/\/carlobrunner.ch\/shop\/wp-json\/wp\/v2\/product_cat?post=2497"},{"taxonomy":"product_tag","embeddable":true,"href":"https:\/\/carlobrunner.ch\/shop\/wp-json\/wp\/v2\/product_tag?post=2497"}],"curies":[{"name":"wp","href":"https:\/\/api.w.org\/{rel}","templated":true}]}}