{"id":2970,"date":"2024-10-11T13:40:20","date_gmt":"2024-10-11T13:40:20","guid":{"rendered":"https:\/\/carlobrunner.ch\/shop\/?post_type=product&#038;p=2970"},"modified":"2024-10-27T06:04:54","modified_gmt":"2024-10-27T06:04:54","slug":"smaximum-16-titel-2","status":"publish","type":"product","link":"https:\/\/carlobrunner.ch\/shop\/product\/smaximum-16-titel-2\/","title":{"rendered":"s&#8217;Maximum 16 TITEL Artikelnummer: 28175\/DL (2003)"},"content":{"rendered":"<h3><strong>Besetzung:<\/strong><\/h3>\n<h4><strong>Kapelle Carlo Brunner<\/strong><br \/>\n-Carlo Brunner, Klarinette, Saxophon<br \/>\n-Martin Nauer, Akkordeon<br \/>\n-Bert Schn\u00fcriger, Klavier<br \/>\n-Roman L\u00e4mmler, Bass<\/h4>\n<h4><strong>Kapelle Echo vom T\u00f6di<\/strong><br \/>\n-Kurt Albert, Akkordeon<br \/>\n-K\u00f6bi Kamm, Akkordeon<br \/>\n-Hermann Luchsinger, Klavier<br \/>\n-Christian Grob, Bass<\/h4>\n<h4><\/h4>\n","protected":false},"excerpt":{"rendered":"<p>Besetzung: Kapelle Carlo Brunner -Carlo Brunner, Klarinette, Saxophon -Martin Nauer, Akkordeon -Bert Schn\u00fcriger, Klavier -Roman L\u00e4mmler, Bass Kapelle Echo vom T\u00f6di -Kurt Albert, Akkordeon -K\u00f6bi Kamm, Akkordeon -Hermann Luchsinger, Klavier -Christian Grob, Bass<\/p>\n","protected":false},"featured_media":2951,"comment_status":"open","ping_status":"closed","template":"","meta":[],"product_brand":[],"product_cat":[262],"product_tag":[],"class_list":{"0":"post-2970","1":"product","2":"type-product","3":"status-publish","4":"has-post-thumbnail","6":"product_cat-s-maximum-tontraeger-download","8":"first","9":"instock","10":"downloadable","11":"virtual","12":"purchasable","13":"product-type-simple"},"_links":{"self":[{"href":"https:\/\/carlobrunner.ch\/shop\/wp-json\/wp\/v2\/product\/2970","targetHints":{"allow":["GET"]}}],"collection":[{"href":"https:\/\/carlobrunner.ch\/shop\/wp-json\/wp\/v2\/product"}],"about":[{"href":"https:\/\/carlobrunner.ch\/shop\/wp-json\/wp\/v2\/types\/product"}],"replies":[{"embeddable":true,"href":"https:\/\/carlobrunner.ch\/shop\/wp-json\/wp\/v2\/comments?post=2970"}],"wp:featuredmedia":[{"embeddable":true,"href":"https:\/\/carlobrunner.ch\/shop\/wp-json\/wp\/v2\/media\/2951"}],"wp:attachment":[{"href":"https:\/\/carlobrunner.ch\/shop\/wp-json\/wp\/v2\/media?parent=2970"}],"wp:term":[{"taxonomy":"product_brand","embeddable":true,"href":"https:\/\/carlobrunner.ch\/shop\/wp-json\/wp\/v2\/product_brand?post=2970"},{"taxonomy":"product_cat","embeddable":true,"href":"https:\/\/carlobrunner.ch\/shop\/wp-json\/wp\/v2\/product_cat?post=2970"},{"taxonomy":"product_tag","embeddable":true,"href":"https:\/\/carlobrunner.ch\/shop\/wp-json\/wp\/v2\/product_tag?post=2970"}],"curies":[{"name":"wp","href":"https:\/\/api.w.org\/{rel}","templated":true}]}}