{"id":4889,"date":"2024-10-26T05:32:12","date_gmt":"2024-10-26T05:32:12","guid":{"rendered":"https:\/\/carlobrunner.ch\/shop\/?post_type=product&#038;p=4889"},"modified":"2025-04-17T15:11:06","modified_gmt":"2025-04-17T15:11:06","slug":"ach-josef-laendler-carlo-brunner-musig-band1-artikel-nr-61-55-003-dl-nb","status":"publish","type":"product","link":"https:\/\/carlobrunner.ch\/shop\/product\/ach-josef-laendler-carlo-brunner-musig-band1-artikel-nr-61-55-003-dl-nb\/","title":{"rendered":"Ach Josef L\u00e4ndler Carlo Brunner Musig Band1 \/ Artikel Nr. 61-55-003-DL-NB"},"content":{"rendered":"<p><strong>Carlo Brunner Musig Band 1 <\/strong><\/p>\n<p>Ich freue mich, Ihnen mit diesem Album einen Querschnitt<\/p>\n<p>von meinen Kompositionen pr\u00e4sentieren zu k\u00f6nnen und w\u00fcnsche<\/p>\n<p>Spielen viel Freude!<\/p>\n<p>Euer Carlo Brunner<\/p>\n","protected":false},"excerpt":{"rendered":"<p><strong>Carlo Brunner Musig Band 1 <\/strong><\/p>\n<p>Ich freue mich, Ihnen mit diesem Album einen Querschnitt<\/p>\n<p>von meinen Kompositionen pr\u00e4sentieren zu k\u00f6nnen und w\u00fcnsche<\/p>\n<p>Spielen viel Freude!<\/p>\n<p>Euer Carlo Brunner<\/p>\n","protected":false},"featured_media":1747,"comment_status":"open","ping_status":"closed","template":"","meta":[],"product_brand":[],"product_cat":[171,141],"product_tag":[],"class_list":{"0":"post-4889","1":"product","2":"type-product","3":"status-publish","4":"has-post-thumbnail","6":"product_cat-carlo-brunner-musig-band-1","7":"product_cat-notenmappen","9":"first","10":"instock","11":"downloadable","12":"virtual","13":"purchasable","14":"product-type-simple"},"_links":{"self":[{"href":"https:\/\/carlobrunner.ch\/shop\/wp-json\/wp\/v2\/product\/4889","targetHints":{"allow":["GET"]}}],"collection":[{"href":"https:\/\/carlobrunner.ch\/shop\/wp-json\/wp\/v2\/product"}],"about":[{"href":"https:\/\/carlobrunner.ch\/shop\/wp-json\/wp\/v2\/types\/product"}],"replies":[{"embeddable":true,"href":"https:\/\/carlobrunner.ch\/shop\/wp-json\/wp\/v2\/comments?post=4889"}],"wp:featuredmedia":[{"embeddable":true,"href":"https:\/\/carlobrunner.ch\/shop\/wp-json\/wp\/v2\/media\/1747"}],"wp:attachment":[{"href":"https:\/\/carlobrunner.ch\/shop\/wp-json\/wp\/v2\/media?parent=4889"}],"wp:term":[{"taxonomy":"product_brand","embeddable":true,"href":"https:\/\/carlobrunner.ch\/shop\/wp-json\/wp\/v2\/product_brand?post=4889"},{"taxonomy":"product_cat","embeddable":true,"href":"https:\/\/carlobrunner.ch\/shop\/wp-json\/wp\/v2\/product_cat?post=4889"},{"taxonomy":"product_tag","embeddable":true,"href":"https:\/\/carlobrunner.ch\/shop\/wp-json\/wp\/v2\/product_tag?post=4889"}],"curies":[{"name":"wp","href":"https:\/\/api.w.org\/{rel}","templated":true}]}}