{"id":5156,"date":"2024-10-27T10:32:01","date_gmt":"2024-10-27T10:32:01","guid":{"rendered":"https:\/\/carlobrunner.ch\/shop\/?post_type=product&#038;p=5156"},"modified":"2024-10-27T10:37:24","modified_gmt":"2024-10-27T10:37:24","slug":"ae-velotour-ueber-stock-und-stei-laendler-notenmappe-40-jahre-philipp-mettler-artikelnummer-20-75-002-dl-nb","status":"publish","type":"product","link":"https:\/\/carlobrunner.ch\/shop\/product\/ae-velotour-ueber-stock-und-stei-laendler-notenmappe-40-jahre-philipp-mettler-artikelnummer-20-75-002-dl-nb\/","title":{"rendered":"\u00e4 Velotour \u00fcber Stock und Stei L\u00e4ndler NOTENMAPPE 40 JAHRE PHILIPP METTLER Artikelnummer: 20-75-002-DL-NB"},"content":{"rendered":"","protected":false},"excerpt":{"rendered":"","protected":false},"featured_media":1694,"comment_status":"open","ping_status":"closed","template":"","meta":[],"product_brand":[],"product_cat":[168],"product_tag":[],"class_list":{"0":"post-5156","1":"product","2":"type-product","3":"status-publish","4":"has-post-thumbnail","6":"product_cat-40-jahre-philipp-mettler","8":"first","9":"instock","10":"downloadable","11":"virtual","12":"purchasable","13":"product-type-simple"},"_links":{"self":[{"href":"https:\/\/carlobrunner.ch\/shop\/wp-json\/wp\/v2\/product\/5156","targetHints":{"allow":["GET"]}}],"collection":[{"href":"https:\/\/carlobrunner.ch\/shop\/wp-json\/wp\/v2\/product"}],"about":[{"href":"https:\/\/carlobrunner.ch\/shop\/wp-json\/wp\/v2\/types\/product"}],"replies":[{"embeddable":true,"href":"https:\/\/carlobrunner.ch\/shop\/wp-json\/wp\/v2\/comments?post=5156"}],"wp:featuredmedia":[{"embeddable":true,"href":"https:\/\/carlobrunner.ch\/shop\/wp-json\/wp\/v2\/media\/1694"}],"wp:attachment":[{"href":"https:\/\/carlobrunner.ch\/shop\/wp-json\/wp\/v2\/media?parent=5156"}],"wp:term":[{"taxonomy":"product_brand","embeddable":true,"href":"https:\/\/carlobrunner.ch\/shop\/wp-json\/wp\/v2\/product_brand?post=5156"},{"taxonomy":"product_cat","embeddable":true,"href":"https:\/\/carlobrunner.ch\/shop\/wp-json\/wp\/v2\/product_cat?post=5156"},{"taxonomy":"product_tag","embeddable":true,"href":"https:\/\/carlobrunner.ch\/shop\/wp-json\/wp\/v2\/product_tag?post=5156"}],"curies":[{"name":"wp","href":"https:\/\/api.w.org\/{rel}","templated":true}]}}