{"id":5909,"date":"2024-11-12T12:01:47","date_gmt":"2024-11-12T12:01:47","guid":{"rendered":"https:\/\/carlobrunner.ch\/shop\/?post_type=product&#038;p=5909"},"modified":"2024-11-12T12:25:02","modified_gmt":"2024-11-12T12:25:02","slug":"20x-sbescht-vo-de-laendlerkoenig-20-titel-artikelnummer-2890dl-2014","status":"publish","type":"product","link":"https:\/\/carlobrunner.ch\/shop\/product\/20x-sbescht-vo-de-laendlerkoenig-20-titel-artikelnummer-2890dl-2014\/","title":{"rendered":"20x s&#8217;Bescht vo de L\u00e4ndlerk\u00f6nig 20 Titel Artikelnummer: 28390DL (2014)"},"content":{"rendered":"","protected":false},"excerpt":{"rendered":"<h2><strong>Wieder-Ver\u00f6ffentlichung der L\u00e4ndlerk\u00f6nig<\/strong><br \/>\n<strong>Musig us de 80er Jahr mit:<\/strong><b><br \/>\n-Carlo Brunner<br \/>\n-Ren\u00e9 Wicky<br \/>\n-Ueli Mooser<br \/>\n-Walter Alder<br \/>\n-Res Schmid<br \/>\n-Willi Valotti<br \/>\n-Martin Nauer<br \/>\n-Peter Zinsli<br \/>\n-Edi Wallimann<br \/>\n-Sepp Tr\u00fctsch<br \/>\n-Fritz D\u00fcnner<br \/>\n-Jost Ribary<\/b><\/h2>\n<p>&nbsp;<\/p>\n<p>&nbsp;<\/p>\n","protected":false},"featured_media":5910,"comment_status":"open","ping_status":"closed","template":"","meta":[],"product_brand":[],"product_cat":[401],"product_tag":[],"class_list":{"0":"post-5909","1":"product","2":"type-product","3":"status-publish","4":"has-post-thumbnail","6":"product_cat-20x-sbescht-vo-de-laendlerkoenig","8":"first","9":"instock","10":"downloadable","11":"virtual","12":"purchasable","13":"product-type-simple"},"_links":{"self":[{"href":"https:\/\/carlobrunner.ch\/shop\/wp-json\/wp\/v2\/product\/5909","targetHints":{"allow":["GET"]}}],"collection":[{"href":"https:\/\/carlobrunner.ch\/shop\/wp-json\/wp\/v2\/product"}],"about":[{"href":"https:\/\/carlobrunner.ch\/shop\/wp-json\/wp\/v2\/types\/product"}],"replies":[{"embeddable":true,"href":"https:\/\/carlobrunner.ch\/shop\/wp-json\/wp\/v2\/comments?post=5909"}],"wp:featuredmedia":[{"embeddable":true,"href":"https:\/\/carlobrunner.ch\/shop\/wp-json\/wp\/v2\/media\/5910"}],"wp:attachment":[{"href":"https:\/\/carlobrunner.ch\/shop\/wp-json\/wp\/v2\/media?parent=5909"}],"wp:term":[{"taxonomy":"product_brand","embeddable":true,"href":"https:\/\/carlobrunner.ch\/shop\/wp-json\/wp\/v2\/product_brand?post=5909"},{"taxonomy":"product_cat","embeddable":true,"href":"https:\/\/carlobrunner.ch\/shop\/wp-json\/wp\/v2\/product_cat?post=5909"},{"taxonomy":"product_tag","embeddable":true,"href":"https:\/\/carlobrunner.ch\/shop\/wp-json\/wp\/v2\/product_tag?post=5909"}],"curies":[{"name":"wp","href":"https:\/\/api.w.org\/{rel}","templated":true}]}}